{"id":5,"date":"2020-01-13T11:17:52","date_gmt":"2020-01-13T11:17:52","guid":{"rendered":"https:\/\/demosites.io\/web-agency-gb\/?page_id=5"},"modified":"2021-04-19T06:49:34","modified_gmt":"2021-04-19T06:49:34","slug":"15c42-web-agency-gb-home","status":"publish","type":"page","link":"https:\/\/budownictwo-gasiorowski.pl\/","title":{"rendered":"Budownictwo"},"content":{"rendered":"\n<div class=\"wp-block-cover alignfull\" style=\"min-height:700px\"><img decoding=\"async\" loading=\"lazy\" width=\"1366\" height=\"768\" class=\"wp-block-cover__image-background wp-image-251\" alt=\"\" src=\"https:\/\/budownictwo-gasiorowski.pl\/wp-content\/uploads\/2021\/04\/tlo.png\" data-object-fit=\"cover\" srcset=\"https:\/\/budownictwo-gasiorowski.pl\/wp-content\/uploads\/2021\/04\/tlo.png 1366w, https:\/\/budownictwo-gasiorowski.pl\/wp-content\/uploads\/2021\/04\/tlo-300x169.png 300w, https:\/\/budownictwo-gasiorowski.pl\/wp-content\/uploads\/2021\/04\/tlo-1024x576.png 1024w, https:\/\/budownictwo-gasiorowski.pl\/wp-content\/uploads\/2021\/04\/tlo-768x432.png 768w\" sizes=\"(max-width: 1366px) 100vw, 1366px\" \/><div class=\"wp-block-cover__inner-container\">\n<div style=\"height:80px\" aria-hidden=\"true\" class=\"wp-block-spacer\"><\/div>\n\n\n\n<h1 class=\"has-text-align-center has-text-color\" style=\"color:#121212\">Traktujemy swoj\u0105 prac\u0119 jako pasj\u0119 oraz obowi\u0105zek<\/h1>\n\n\n\n<p class=\"has-text-align-center has-text-color\" style=\"color:#121212;font-size:clamp(14px, 0.875rem + ((1vw - 7.68px) * 0.361), 17px);px\">Posiadamy w swojej ofercie hydroizolacje, wyko\u0144czenia, budow\u0119 dom\u00f3w, wykonywanie elewacji oraz wiele wi\u0119cej.<\/p>\n\n\n\n<div class=\"is-layout-flex wp-block-buttons is-content-justification-center\"><\/div>\n\n\n\n<div style=\"height:80px\" aria-hidden=\"true\" class=\"wp-block-spacer\"><\/div>\n\n\n\n<p><\/p>\n<\/div><\/div>\n\n\n\n<p><\/p>\n\n\n\n<div class=\"wp-block-cover alignfull has-nv-light-bg-background-color has-background-dim\" style=\"min-height:455px\"><div class=\"wp-block-cover__inner-container\">\n<div class=\"is-layout-flow wp-block-group\"><div class=\"wp-block-group__inner-container\">\n<div class=\"is-layout-flex wp-container-6 wp-block-columns are-vertically-aligned-center\">\n<div class=\"is-layout-flow wp-block-column is-vertically-aligned-center\" style=\"flex-basis:50%\">\n<figure class=\"is-layout-flex wp-block-gallery-2 wp-block-gallery columns-1 is-cropped\"><ul class=\"blocks-gallery-grid\"><li class=\"blocks-gallery-item\"><figure><img decoding=\"async\" loading=\"lazy\" width=\"900\" height=\"600\" src=\"https:\/\/budownictwo-gasiorowski.pl\/wp-content\/uploads\/2021\/04\/zg1-1.png\" alt=\"\" data-id=\"244\" data-full-url=\"https:\/\/budownictwo-gasiorowski.pl\/wp-content\/uploads\/2021\/04\/zg1-1.png\" data-link=\"https:\/\/budownictwo-gasiorowski.pl\/?attachment_id=244\" class=\"wp-image-244\" srcset=\"https:\/\/budownictwo-gasiorowski.pl\/wp-content\/uploads\/2021\/04\/zg1-1.png 900w, https:\/\/budownictwo-gasiorowski.pl\/wp-content\/uploads\/2021\/04\/zg1-1-300x200.png 300w, https:\/\/budownictwo-gasiorowski.pl\/wp-content\/uploads\/2021\/04\/zg1-1-768x512.png 768w\" sizes=\"(max-width: 900px) 100vw, 900px\" \/><\/figure><\/li><\/ul><\/figure>\n<\/div>\n\n\n\n<div class=\"is-layout-flow wp-block-column is-vertically-aligned-center\" style=\"flex-basis:50%\">\n<div style=\"height:20px\" aria-hidden=\"true\" class=\"wp-block-spacer\"><\/div>\n\n\n\n<h2 class=\"has-text-align-left has-text-color\" style=\"color:#c82a2a\">Budowa dom\u00f3w<\/h2>\n\n\n\n<p class=\"has-text-align-left has-neve-text-color-color has-text-color\" style=\"font-size:clamp(14px, 0.875rem + ((1vw - 7.68px) * 0.361), 17px);px\">Od podstaw a\u017c do ca\u0142kowitego wyko\u0144czenia &#8211; realizujemy wszystkie etapy budowy. Szybko sumiennie i w pe\u0142ni profesjonalnie.<\/p>\n\n\n\n<p><\/p>\n<\/div>\n<\/div>\n\n\n\n<p><\/p>\n<\/div><\/div>\n\n\n\n<p><\/p>\n<\/div><\/div>\n\n\n\n<div class=\"wp-block-cover alignfull has-background-dim\" style=\"background-color:#c82a2a\"><div class=\"wp-block-cover__inner-container\">\n<div class=\"is-layout-flow wp-block-group\"><div class=\"wp-block-group__inner-container\">\n<div class=\"is-layout-flex wp-container-12 wp-block-columns are-vertically-aligned-center\">\n<div class=\"is-layout-flow wp-block-column is-vertically-aligned-center\" style=\"flex-basis:50%\">\n<figure class=\"is-layout-flex wp-block-gallery-8 wp-block-gallery columns-1 is-cropped\"><ul class=\"blocks-gallery-grid\"><li class=\"blocks-gallery-item\"><figure><img decoding=\"async\" loading=\"lazy\" width=\"600\" height=\"600\" src=\"https:\/\/budownictwo-gasiorowski.pl\/wp-content\/uploads\/2021\/04\/g3.png\" alt=\"\" data-id=\"250\" data-full-url=\"https:\/\/budownictwo-gasiorowski.pl\/wp-content\/uploads\/2021\/04\/g3.png\" data-link=\"https:\/\/budownictwo-gasiorowski.pl\/?attachment_id=250\" class=\"wp-image-250\" srcset=\"https:\/\/budownictwo-gasiorowski.pl\/wp-content\/uploads\/2021\/04\/g3.png 600w, https:\/\/budownictwo-gasiorowski.pl\/wp-content\/uploads\/2021\/04\/g3-300x300.png 300w, https:\/\/budownictwo-gasiorowski.pl\/wp-content\/uploads\/2021\/04\/g3-150x150.png 150w\" sizes=\"(max-width: 600px) 100vw, 600px\" \/><\/figure><\/li><\/ul><\/figure>\n<\/div>\n\n\n\n<div class=\"is-layout-flow wp-block-column is-vertically-aligned-center\" style=\"flex-basis:50%\">\n<div style=\"height:40px\" aria-hidden=\"true\" class=\"wp-block-spacer\"><\/div>\n\n\n\n<h2 class=\"has-text-align-left has-nv-text-dark-bg-color has-text-color\">Elewacje i ocieplenia<\/h2>\n\n\n\n<p class=\"has-text-align-left has-nv-text-dark-bg-color has-text-color\" style=\"font-size:clamp(14px, 0.875rem + ((1vw - 7.68px) * 0.361), 17px);px\">Zadbamy od to, by nadchodz\u0105ca zima nie by\u0142a ju\u017c \u017ar\u00f3d\u0142em stresu, a niskie temperatury otoczenia nie powodowa\u0142y dyskomfortu wewn\u0105trz budynku.<\/p>\n<\/div>\n<\/div>\n\n\n\n<p><\/p>\n<\/div><\/div>\n<\/div><\/div>\n\n\n\n<p><\/p>\n\n\n\n<div class=\"is-layout-flex wp-container-19 wp-block-columns are-vertically-aligned-center\">\n<div class=\"is-layout-flow wp-block-column is-vertically-aligned-center\" style=\"flex-basis:50%\">\n<h2 class=\"has-text-align-left has-text-color\" style=\"color:#c82a2a\">Wyko\u0144czenia wn\u0119trz<\/h2>\n\n\n\n<p class=\"has-text-align-left has-neve-text-color-color has-text-color\" style=\"font-size:clamp(14px, 0.875rem + ((1vw - 7.68px) * 0.361), 17px);px\">Wyko\u0144czenia wn\u0119trz zgodnie z \u017cyczeniami klient\u00f3w. Szybko i profesjonalnie wyremontujemy wn\u0119trza, zapewniaj\u0105c im nowoczesny wygl\u0105d i wysok\u0105 funkcjonalno\u015b\u0107.<\/p>\n\n\n\n<div class=\"is-layout-flex wp-block-buttons is-content-justification-left\"><\/div>\n\n\n\n<div style=\"height:40px\" aria-hidden=\"true\" class=\"wp-block-spacer\"><\/div>\n<\/div>\n\n\n\n<div class=\"is-layout-flow wp-block-column is-vertically-aligned-center\" style=\"flex-basis:50%\">\n<figure class=\"is-layout-flex wp-block-gallery-16 wp-block-gallery columns-1 is-cropped\"><ul class=\"blocks-gallery-grid\"><li class=\"blocks-gallery-item\"><figure><img decoding=\"async\" loading=\"lazy\" width=\"900\" height=\"600\" src=\"https:\/\/budownictwo-gasiorowski.pl\/wp-content\/uploads\/2021\/04\/zg4.png\" alt=\"\" data-id=\"247\" data-full-url=\"https:\/\/budownictwo-gasiorowski.pl\/wp-content\/uploads\/2021\/04\/zg4.png\" data-link=\"https:\/\/budownictwo-gasiorowski.pl\/?attachment_id=247\" class=\"wp-image-247\" srcset=\"https:\/\/budownictwo-gasiorowski.pl\/wp-content\/uploads\/2021\/04\/zg4.png 900w, https:\/\/budownictwo-gasiorowski.pl\/wp-content\/uploads\/2021\/04\/zg4-300x200.png 300w, https:\/\/budownictwo-gasiorowski.pl\/wp-content\/uploads\/2021\/04\/zg4-768x512.png 768w\" sizes=\"(max-width: 900px) 100vw, 900px\" \/><\/figure><\/li><\/ul><\/figure>\n<\/div>\n<\/div>\n\n\n\n<div class=\"wp-block-cover alignfull has-nv-dark-bg-background-color has-background-dim\" style=\"min-height:455px\"><div class=\"wp-block-cover__inner-container\">\n<div class=\"is-layout-flow wp-block-group\"><div class=\"wp-block-group__inner-container\">\n<p><\/p>\n\n\n\n<div class=\"is-layout-flex wp-container-24 wp-block-columns are-vertically-aligned-center\">\n<div class=\"is-layout-flow wp-block-column is-vertically-aligned-center\" style=\"flex-basis:50%\">\n<p><\/p>\n\n\n\n<figure class=\"is-layout-flex wp-block-gallery-20 wp-block-gallery columns-1 is-cropped\"><ul class=\"blocks-gallery-grid\"><li class=\"blocks-gallery-item\"><figure><img decoding=\"async\" loading=\"lazy\" width=\"900\" height=\"600\" src=\"https:\/\/budownictwo-gasiorowski.pl\/wp-content\/uploads\/2021\/04\/zg5.png\" alt=\"\" data-id=\"307\" data-full-url=\"https:\/\/budownictwo-gasiorowski.pl\/wp-content\/uploads\/2021\/04\/zg5.png\" data-link=\"https:\/\/budownictwo-gasiorowski.pl\/?attachment_id=307\" class=\"wp-image-307\" srcset=\"https:\/\/budownictwo-gasiorowski.pl\/wp-content\/uploads\/2021\/04\/zg5.png 900w, https:\/\/budownictwo-gasiorowski.pl\/wp-content\/uploads\/2021\/04\/zg5-300x200.png 300w, https:\/\/budownictwo-gasiorowski.pl\/wp-content\/uploads\/2021\/04\/zg5-768x512.png 768w\" sizes=\"(max-width: 900px) 100vw, 900px\" \/><\/figure><\/li><\/ul><\/figure>\n<\/div>\n\n\n\n<div class=\"is-layout-flow wp-block-column is-vertically-aligned-center\" style=\"flex-basis:50%\">\n<div style=\"height:20px\" aria-hidden=\"true\" class=\"wp-block-spacer\"><\/div>\n\n\n\n<h2 class=\"has-text-align-left has-text-color\" style=\"color:#c82a2a\">Hydroizolacje<\/h2>\n\n\n\n<p class=\"has-text-align-left has-nv-site-bg-color has-text-color\" style=\"font-size:clamp(14px, 0.875rem + ((1vw - 7.68px) * 0.361), 17px);px\">Wykonujemy hydroizolacje balkon\u00f3w, taras\u00f3w i innych cz\u0119\u015bci wystaj\u0105cych poza obrys budynku. Hydroizolacja pozwoli na d\u0142ugoletnie u\u017cytkowanie tych element\u00f3w, zabezpieczaj\u0105c je przed wp\u0142ywem wilgoci i zmiennych temperatur.<\/p>\n\n\n\n<p><\/p>\n<\/div>\n<\/div>\n\n\n\n<p><\/p>\n<\/div><\/div>\n\n\n\n<p><\/p>\n<\/div><\/div>\n\n\n\n<div class=\"wp-block-cover alignfull has-background-dim\" style=\"background-color:#c82a2a;min-height:806px\"><div class=\"wp-block-cover__inner-container\">\n<p><\/p>\n\n\n\n<h2 class=\"has-text-align-left has-nv-site-bg-color has-text-color\">Nasze realizacje<\/h2>\n\n\n\n<div class=\"is-layout-flex wp-container-29 wp-block-columns\">\n<div class=\"is-layout-flow wp-block-column ticss-4ce656f1\">\n<figure class=\"is-layout-flex wp-block-gallery-26 wp-block-gallery columns-3 is-cropped\"><ul class=\"blocks-gallery-grid\"><li class=\"blocks-gallery-item\"><figure><img decoding=\"async\" loading=\"lazy\" width=\"600\" height=\"600\" src=\"https:\/\/budownictwo-gasiorowski.pl\/wp-content\/uploads\/2021\/04\/g3.png\" alt=\"\" data-id=\"250\" data-full-url=\"https:\/\/budownictwo-gasiorowski.pl\/wp-content\/uploads\/2021\/04\/g3.png\" data-link=\"https:\/\/budownictwo-gasiorowski.pl\/?attachment_id=250\" class=\"wp-image-250\" srcset=\"https:\/\/budownictwo-gasiorowski.pl\/wp-content\/uploads\/2021\/04\/g3.png 600w, https:\/\/budownictwo-gasiorowski.pl\/wp-content\/uploads\/2021\/04\/g3-300x300.png 300w, https:\/\/budownictwo-gasiorowski.pl\/wp-content\/uploads\/2021\/04\/g3-150x150.png 150w\" sizes=\"(max-width: 600px) 100vw, 600px\" \/><\/figure><\/li><li class=\"blocks-gallery-item\"><figure><img decoding=\"async\" loading=\"lazy\" width=\"600\" height=\"600\" src=\"https:\/\/budownictwo-gasiorowski.pl\/wp-content\/uploads\/2021\/04\/g2.png\" alt=\"\" data-id=\"249\" data-full-url=\"https:\/\/budownictwo-gasiorowski.pl\/wp-content\/uploads\/2021\/04\/g2.png\" data-link=\"https:\/\/budownictwo-gasiorowski.pl\/?attachment_id=249\" class=\"wp-image-249\" srcset=\"https:\/\/budownictwo-gasiorowski.pl\/wp-content\/uploads\/2021\/04\/g2.png 600w, https:\/\/budownictwo-gasiorowski.pl\/wp-content\/uploads\/2021\/04\/g2-300x300.png 300w, https:\/\/budownictwo-gasiorowski.pl\/wp-content\/uploads\/2021\/04\/g2-150x150.png 150w\" sizes=\"(max-width: 600px) 100vw, 600px\" \/><\/figure><\/li><li class=\"blocks-gallery-item\"><figure><img decoding=\"async\" loading=\"lazy\" width=\"600\" height=\"600\" src=\"https:\/\/budownictwo-gasiorowski.pl\/wp-content\/uploads\/2021\/04\/g1.png\" alt=\"\" data-id=\"248\" data-full-url=\"https:\/\/budownictwo-gasiorowski.pl\/wp-content\/uploads\/2021\/04\/g1.png\" data-link=\"https:\/\/budownictwo-gasiorowski.pl\/?attachment_id=248\" class=\"wp-image-248\" srcset=\"https:\/\/budownictwo-gasiorowski.pl\/wp-content\/uploads\/2021\/04\/g1.png 600w, https:\/\/budownictwo-gasiorowski.pl\/wp-content\/uploads\/2021\/04\/g1-300x300.png 300w, https:\/\/budownictwo-gasiorowski.pl\/wp-content\/uploads\/2021\/04\/g1-150x150.png 150w\" sizes=\"(max-width: 600px) 100vw, 600px\" \/><\/figure><\/li><\/ul><\/figure>\n\n\n\n<div style=\"height:20px\" aria-hidden=\"true\" class=\"wp-block-spacer\"><\/div>\n<\/div>\n<\/div>\n\n\n\n<div style=\"height:30px\" aria-hidden=\"true\" class=\"wp-block-spacer\"><\/div>\n<\/div><\/div>\n\n\n\n<div class=\"wp-block-cover alignfull has-nv-site-bg-background-color has-background-dim\" style=\"min-height:300px\"><div class=\"wp-block-cover__inner-container\">\n<h2><\/h2>\n\n\n\n<h2 class=\"has-text-align-center has-text-color\" style=\"color:#c82a2a\">Masz pytania? Zadzwo\u0144<\/h2>\n\n\n\n<div class=\"is-layout-flex wp-block-buttons is-content-justification-center\"><\/div>\n\n\n\n<p><\/p>\n\n\n\n<p><\/p>\n<\/div><\/div>\n\n\n\n<p><\/p>\n","protected":false},"excerpt":{"rendered":"<p>Wyko\u0144czenia wn\u0119trz Wyko\u0144czenia wn\u0119trz zgodnie z \u017cyczeniami klient\u00f3w. Szybko i profesjonalnie wyremontujemy wn\u0119trza, zapewniaj\u0105c im nowoczesny wygl\u0105d i wysok\u0105 funkcjonalno\u015b\u0107.<\/p>\n","protected":false},"author":1,"featured_media":0,"parent":0,"menu_order":0,"comment_status":"closed","ping_status":"closed","template":"","meta":{"_ti_tpc_template_sync":false,"_ti_tpc_template_id":"cwhkd9lki581rusuhjti"},"_links":{"self":[{"href":"https:\/\/budownictwo-gasiorowski.pl\/index.php?rest_route=\/wp\/v2\/pages\/5"}],"collection":[{"href":"https:\/\/budownictwo-gasiorowski.pl\/index.php?rest_route=\/wp\/v2\/pages"}],"about":[{"href":"https:\/\/budownictwo-gasiorowski.pl\/index.php?rest_route=\/wp\/v2\/types\/page"}],"author":[{"embeddable":true,"href":"https:\/\/budownictwo-gasiorowski.pl\/index.php?rest_route=\/wp\/v2\/users\/1"}],"replies":[{"embeddable":true,"href":"https:\/\/budownictwo-gasiorowski.pl\/index.php?rest_route=%2Fwp%2Fv2%2Fcomments&post=5"}],"version-history":[{"count":40,"href":"https:\/\/budownictwo-gasiorowski.pl\/index.php?rest_route=\/wp\/v2\/pages\/5\/revisions"}],"predecessor-version":[{"id":317,"href":"https:\/\/budownictwo-gasiorowski.pl\/index.php?rest_route=\/wp\/v2\/pages\/5\/revisions\/317"}],"wp:attachment":[{"href":"https:\/\/budownictwo-gasiorowski.pl\/index.php?rest_route=%2Fwp%2Fv2%2Fmedia&parent=5"}],"curies":[{"name":"wp","href":"https:\/\/api.w.org\/{rel}","templated":true}]}}